{"id":5339,"date":"2019-04-23T10:17:30","date_gmt":"2019-04-23T10:17:30","guid":{"rendered":"http:\/\/www.swanseacitycentre.com\/?page_id=5339"},"modified":"2022-10-18T11:24:23","modified_gmt":"2022-10-18T11:24:23","slug":"digwyddiadau","status":"publish","type":"page","link":"https:\/\/www.swanseacitycentre.com\/cy\/digwyddiadau\/","title":{"rendered":"Digwyddiadau"},"content":{"rendered":"<div class=\"wp-block-image\">\n<figure class=\"aligncenter size-large\"><a href=\"http:\/\/www.swanseacitycentre.com\/wp-content\/uploads\/2022\/10\/City-Centre-Xmas-Cover-2021.jpg\"><img loading=\"lazy\" decoding=\"async\" width=\"1024\" height=\"577\" src=\"http:\/\/www.swanseacitycentre.com\/wp-content\/uploads\/2022\/10\/City-Centre-Xmas-Cover-2021-1024x577.jpg\" alt=\"\" class=\"wp-image-6862\" srcset=\"https:\/\/www.swanseacitycentre.com\/wp-content\/uploads\/2022\/10\/City-Centre-Xmas-Cover-2021-1024x577.jpg 1024w, https:\/\/www.swanseacitycentre.com\/wp-content\/uploads\/2022\/10\/City-Centre-Xmas-Cover-2021-300x169.jpg 300w, https:\/\/www.swanseacitycentre.com\/wp-content\/uploads\/2022\/10\/City-Centre-Xmas-Cover-2021-768x433.jpg 768w\" sizes=\"(max-width: 1024px) 100vw, 1024px\" \/><\/a><\/figure><\/div>\n\n\n<p>Mae T\u00eem Rheoli\nCanol y Ddinas yn hwyluso cyfres o ddigwyddiadau tymhorol drwy gydol y\nflwyddyn, yn annibynnol ac mewn cydweithrediad ag adrannau eraill Cyngor Abertawe,\npartneriaethau a sefydliadau.<\/p>\n\n\n\n<p>Marchnadoedd\nCyfandirol<\/p>\n\n\n\n<p>Mae marchnadoedd cyfandirol yn ymweld \u00e2 chanol y ddinas yn aml trwy gydol y flwyddyn, gan ddod \u00e2 chyfoeth o fasnachwyr \u00e2 danteithion hyfryd o bob ran o Ewrop. Mae T\u00eem Rheoli Canol y Ddinas yn cynorthwyo wrth gyflwyno&#8217;r digwyddiadau hyn.<\/p>\n\n\n\n<figure class=\"wp-block-image\"><img loading=\"lazy\" decoding=\"async\" width=\"1024\" height=\"681\" src=\"http:\/\/www.swanseacitycentre.com\/wp-content\/uploads\/2019\/07\/110419Swansea-City-Centre-shoot_177-1024x681.jpg\" alt=\"\" class=\"wp-image-5685\" srcset=\"https:\/\/www.swanseacitycentre.com\/wp-content\/uploads\/2019\/07\/110419Swansea-City-Centre-shoot_177-1024x681.jpg 1024w, https:\/\/www.swanseacitycentre.com\/wp-content\/uploads\/2019\/07\/110419Swansea-City-Centre-shoot_177-300x200.jpg 300w, https:\/\/www.swanseacitycentre.com\/wp-content\/uploads\/2019\/07\/110419Swansea-City-Centre-shoot_177-768x511.jpg 768w\" sizes=\"(max-width: 1024px) 100vw, 1024px\" \/><\/figure>\n\n\n\n<p>Gwyliau Dewi\nSant<\/p>\n\n\n\n<p>Mae gwyliau bwyd\nCymreig megis &#8216;Get Welsh&#8217; a &#8216;Croeso&#8217; sy&#8217;n canolbwyntio ar fwyd a chynnych\nrhanbarthol arbenigol yn aml yn cael eu cynnal yng nghanol y ddinas adeg Dydd\nG\u0175yl Dewi ac maent yn cael eu trefnu gan Gyngor Abertawe. Mae&#8217;r digwyddiadau\nhyn hefyd yn cynnwys adloniant gwych gyda phwyslais ar y Gymraeg a diwylliant\nCymru. <\/p>\n\n\n\n<p>Y Faner\nBorffor<\/p>\n\n\n\n<p>I ddathlu statws Baner Borffor Abertawe, mae Partneriaeth Abertawe Mwy Diogel yn cynnal digwyddiadau blynyddol yng nghanol y ddinas sy&#8217;n cynnwys economi gyda&#8217;r hwyr a chyda&#8217;r nos amrywiol Abertawe, gan gynnwys &#8216;Penwythnos Mawr Abertawe&#8217; ac &#8216;Alive after Five&#8217; a digwyddiad ar thema &#8216;The Greatest Showman&#8217; a gafodd ei ganmol y llynedd. <\/p>\n\n\n\n<figure class=\"wp-block-image\"><img loading=\"lazy\" decoding=\"async\" width=\"1024\" height=\"156\" src=\"http:\/\/www.swanseacitycentre.com\/wp-content\/uploads\/2019\/07\/2019-Purple-Flag-Bilingual-Banner-JPG-1024x156.jpg\" alt=\"\" class=\"wp-image-5583\" srcset=\"https:\/\/www.swanseacitycentre.com\/wp-content\/uploads\/2019\/07\/2019-Purple-Flag-Bilingual-Banner-JPG-1024x156.jpg 1024w, https:\/\/www.swanseacitycentre.com\/wp-content\/uploads\/2019\/07\/2019-Purple-Flag-Bilingual-Banner-JPG-300x46.jpg 300w, https:\/\/www.swanseacitycentre.com\/wp-content\/uploads\/2019\/07\/2019-Purple-Flag-Bilingual-Banner-JPG-768x117.jpg 768w\" sizes=\"(max-width: 1024px) 100vw, 1024px\" \/><\/figure>\n\n\n\n<p>Nos Galan\nGaeaf<\/p>\n\n\n\n<p>Cynhelir\ndigwyddiadau calan gaeaf tymhorol yn flynyddol yng nghanol y ddinas, gan\ngynnwys y digwyddiad \u2018Ysbrydion yn y Ddinas\u2019 poblogaidd. Mae&#8217;r digwyddiadau hyn\nyn cynnwys adloniant byw, cystadlaethau gwisgoedd a hwyl a gemau i&#8217;r teulu i\ngyd! Mae T\u00eem Rheoli Canol y Ddinas yn cynorthwyo wrth gyflwyno&#8217;r digwyddiadau\nhyn.<\/p>\n\n\n\n<p>Y Nadolig <\/p>\n\n\n\n<p>Mae canol dinas Abertawe&#8217;n serennu adeg y Nadolig! Mae T\u00eem Rheoli Canol y Ddinas yn helpu i gyflwyno Gorymdaith flynyddol y Nadolig a chynnau goleuadau&#8217;r Nadolig sy&#8217;n goleuo&#8217;r coed a&#8217;r addurniadau ar hyd strydoedd y ddinas. Hefyd mae yna farchnad Nadolig brysur a gynhelir dros dymor yr \u0175yl ac a gyflwynir gan D\u00eem Rheoli Canol y Ddinas. <\/p>\n\n\n<div class=\"wp-block-image\">\n<figure class=\"aligncenter\"><img loading=\"lazy\" decoding=\"async\" width=\"600\" height=\"383\" src=\"http:\/\/www.swanseacitycentre.com\/wp-content\/uploads\/2019\/07\/Oxford-Street-4.jpg\" alt=\"\" class=\"wp-image-5604\" srcset=\"https:\/\/www.swanseacitycentre.com\/wp-content\/uploads\/2019\/07\/Oxford-Street-4.jpg 600w, https:\/\/www.swanseacitycentre.com\/wp-content\/uploads\/2019\/07\/Oxford-Street-4-300x192.jpg 300w\" sizes=\"(max-width: 600px) 100vw, 600px\" \/><\/figure><\/div>\n\n\n<p>Mae amrywiaeth eang o ddigwyddiadau&#8217;n cael eu cynnal mewn lleoliadau o gwmpas canol y ddinas, cymerwch gip ar <a href=\"https:\/\/www.abertawe.gov.uk\/digwyddiadau\">galendr canol y ddinas<\/a> i gael gwybod mwy!<\/p>\n","protected":false},"excerpt":{"rendered":"<p>Mae T\u00eem Rheoli Canol y Ddinas yn hwyluso cyfres o ddigwyddiadau tymhorol drwy gydol y flwyddyn, yn annibynnol ac mewn cydweithrediad ag adrannau eraill Cyngor Abertawe, partneriaethau a sefydliadau. Marchnadoedd Cyfandirol Mae marchnadoedd cyfandirol yn ymweld \u00e2 chanol y ddinas yn aml trwy gydol y flwyddyn, gan ddod \u00e2 chyfoeth o fasnachwyr \u00e2 danteithion hyfryd &hellip;<\/p>\n","protected":false},"author":1,"featured_media":6862,"parent":0,"menu_order":0,"comment_status":"closed","ping_status":"closed","template":"","meta":{"_genesis_hide_title":false,"_genesis_hide_breadcrumbs":false,"_genesis_hide_singular_image":false,"_genesis_hide_footer_widgets":false,"_genesis_custom_body_class":"","_genesis_custom_post_class":"","_genesis_layout":"","footnotes":""},"_links":{"self":[{"href":"https:\/\/www.swanseacitycentre.com\/cy\/wp-json\/wp\/v2\/pages\/5339"}],"collection":[{"href":"https:\/\/www.swanseacitycentre.com\/cy\/wp-json\/wp\/v2\/pages"}],"about":[{"href":"https:\/\/www.swanseacitycentre.com\/cy\/wp-json\/wp\/v2\/types\/page"}],"author":[{"embeddable":true,"href":"https:\/\/www.swanseacitycentre.com\/cy\/wp-json\/wp\/v2\/users\/1"}],"replies":[{"embeddable":true,"href":"https:\/\/www.swanseacitycentre.com\/cy\/wp-json\/wp\/v2\/comments?post=5339"}],"version-history":[{"count":3,"href":"https:\/\/www.swanseacitycentre.com\/cy\/wp-json\/wp\/v2\/pages\/5339\/revisions"}],"predecessor-version":[{"id":6865,"href":"https:\/\/www.swanseacitycentre.com\/cy\/wp-json\/wp\/v2\/pages\/5339\/revisions\/6865"}],"wp:featuredmedia":[{"embeddable":true,"href":"https:\/\/www.swanseacitycentre.com\/cy\/wp-json\/wp\/v2\/media\/6862"}],"wp:attachment":[{"href":"https:\/\/www.swanseacitycentre.com\/cy\/wp-json\/wp\/v2\/media?parent=5339"}],"curies":[{"name":"wp","href":"https:\/\/api.w.org\/{rel}","templated":true}]}}