{"id":2248,"date":"2012-11-28T14:05:18","date_gmt":"2012-11-28T14:05:18","guid":{"rendered":"http:\/\/79.170.44.97\/swanseacitycentre.com\/?page_id=2248"},"modified":"2020-01-13T14:08:11","modified_gmt":"2020-01-13T14:08:11","slug":"bywydnos","status":"publish","type":"page","link":"https:\/\/www.swanseacitycentre.com\/cy\/archwiliwchganolyddinas\/pethauiwneud\/bwytaacyfed\/bywydnos\/","title":{"rendered":"Bywyd Nos"},"content":{"rendered":"\n<div class=\"wp-block-image\"><figure class=\"aligncenter\"><img loading=\"lazy\" decoding=\"async\" width=\"1024\" height=\"683\" src=\"http:\/\/www.swanseacitycentre.com\/wp-content\/uploads\/2019\/07\/Swansea-City-Centre-evening-shoot120719_112-1024x683.jpg\" alt=\"Swansea Castle and fountain by night\" class=\"wp-image-5483\" srcset=\"https:\/\/www.swanseacitycentre.com\/wp-content\/uploads\/2019\/07\/Swansea-City-Centre-evening-shoot120719_112-1024x683.jpg 1024w, https:\/\/www.swanseacitycentre.com\/wp-content\/uploads\/2019\/07\/Swansea-City-Centre-evening-shoot120719_112-300x200.jpg 300w, https:\/\/www.swanseacitycentre.com\/wp-content\/uploads\/2019\/07\/Swansea-City-Centre-evening-shoot120719_112-768x512.jpg 768w\" sizes=\"(max-width: 1024px) 100vw, 1024px\" \/><\/figure><\/div>\n\n\n\n<p style=\"text-align:center\">Unwaith y bydd yr haul ar fachlud, bydd y ddinas yn dod yn fyw, gydag amrywiaeth o fariau, clybiau nos, lleoliadau cerddoriaeth fyw a mwy! <\/p>\n\n\n\n<h4 class=\"wp-block-heading\" style=\"text-align:center\">Bariau<\/h4>\n\n\n\n<div class=\"wp-block-media-text alignwide\"><figure class=\"wp-block-media-text__media\"><img loading=\"lazy\" decoding=\"async\" width=\"1024\" height=\"684\" src=\"http:\/\/www.swanseacitycentre.com\/wp-content\/uploads\/2019\/07\/Swansea-City-Centre-evening-shoot110719_47-1-1024x684.jpg\" alt=\"Juniper Place - outdoor seating\" class=\"wp-image-5497\" srcset=\"https:\/\/www.swanseacitycentre.com\/wp-content\/uploads\/2019\/07\/Swansea-City-Centre-evening-shoot110719_47-1-1024x684.jpg 1024w, https:\/\/www.swanseacitycentre.com\/wp-content\/uploads\/2019\/07\/Swansea-City-Centre-evening-shoot110719_47-1-300x200.jpg 300w, https:\/\/www.swanseacitycentre.com\/wp-content\/uploads\/2019\/07\/Swansea-City-Centre-evening-shoot110719_47-1-768x513.jpg 768w\" sizes=\"(max-width: 1024px) 100vw, 1024px\" \/><\/figure><div class=\"wp-block-media-text__content\">\n<p>Gellir cael diodydd blasus yn <a href=\"https:\/\/www.facebook.com\/elixirswansea\/\">Elixir<\/a>! <\/p>\n\n\n\n<p>Mae <a href=\"https:\/\/en-gb.facebook.com\/FlickeringLight\/\">Flickering Light<\/a> yn rhyfeddod hyfryd, os gallwch ddod o hyd i&#8217;r fynedfa gyfrinachol! Gellir yfed jin bendigedig yn <a href=\"https:\/\/www.juniper-place.co.uk\/\">Juniper Place<\/a>, neu os yw r\u1ef3m yn well gennych, mae gan ei chwaer gwmni <a href=\"http:\/\/www.old-havana.co.uk\/swansea\/\">Old Havana<\/a> dros 50 o fathau gwahanol! Dyma rai o\u2019r bariau gwych sydd i&#8217;w cael yng nghanol y ddinas.<\/p>\n<\/div><\/div>\n\n\n\n<div class=\"wp-block-image\"><figure class=\"aligncenter is-resized\"><img loading=\"lazy\" decoding=\"async\" src=\"http:\/\/www.swanseacitycentre.com\/wp-content\/uploads\/2019\/07\/Swansea-City-Centre-evening-shoot120719_62-1024x683.jpg\" alt=\"Preparation of cocktails at Zinco Lounge\" class=\"wp-image-5489\" width=\"512\" height=\"342\" srcset=\"https:\/\/www.swanseacitycentre.com\/wp-content\/uploads\/2019\/07\/Swansea-City-Centre-evening-shoot120719_62-1024x683.jpg 1024w, https:\/\/www.swanseacitycentre.com\/wp-content\/uploads\/2019\/07\/Swansea-City-Centre-evening-shoot120719_62-300x200.jpg 300w\" sizes=\"(max-width: 512px) 100vw, 512px\" \/><\/figure><\/div>\n\n\n\n<h4 class=\"wp-block-heading\" style=\"text-align:center\">Clybiau Nos<\/h4>\n\n\n\n<p>Os ydych chi&#8217;n bwriadu dawnsio tan ddiwedd y noson, mae digon o glybiau nos i fynd \u00e2&#8217;ch bryd. Ar gyfer y rheiny sy&#8217;n dwli ar glybio, prif glwb nos Abertawe yw<a href=\"https:\/\/www.fictionclub.co.uk\/swansea\"> Fiction, <\/a>gyda&#8217;i restr enwog o DJs preswyl a gwesteion clodwiw. <a href=\"http:\/\/www.bambu-bar.co.uk\/\">Mae Bambu<\/a> yn lle poblogaidd arall i fynd iddo gyda&#8217;r hwyr.  <\/p>\n\n\n\n<div class=\"wp-block-media-text alignwide\"><figure class=\"wp-block-media-text__media\"><img loading=\"lazy\" decoding=\"async\" width=\"1024\" height=\"664\" src=\"http:\/\/www.swanseacitycentre.com\/wp-content\/uploads\/2019\/07\/Swansea-City-Centre110619_210-1024x664.jpg\" alt=\"Signage of Bambu, Swansea\" class=\"wp-image-5487\" srcset=\"https:\/\/www.swanseacitycentre.com\/wp-content\/uploads\/2019\/07\/Swansea-City-Centre110619_210-1024x664.jpg 1024w, https:\/\/www.swanseacitycentre.com\/wp-content\/uploads\/2019\/07\/Swansea-City-Centre110619_210-300x195.jpg 300w, https:\/\/www.swanseacitycentre.com\/wp-content\/uploads\/2019\/07\/Swansea-City-Centre110619_210-768x498.jpg 768w\" sizes=\"(max-width: 1024px) 100vw, 1024px\" \/><\/figure><div class=\"wp-block-media-text__content\">\n<p>\n\nMae&#8217;r bar hwyr hwn ger y traeth yn chwarae amrywiaeth o gerddoriaeth ac mae ganddo fythau karaoke preifat a theras Shisha awyr agored sydd wedi&#8217;i gynhesu.\n\n<\/p>\n<\/div><\/div>\n\n\n\n<p>Os ydych chi&#8217;n teimlo ychydig yn hiraethus, <a href=\"https:\/\/www.popworldparty.co.uk\/swansea\">efallai mai Popworld yw&#8217;r lle<\/a> i chi, lle cewch ddawnsio i&#8217;r caneuon gorau o&#8217;r 70au, yr 80au, y 90au a&#8217;r 00au, a hynny ar lawr dawnsio eiconig sydd wedi\u2019i oleuo. <\/p>\n\n\n\n<h4 class=\"wp-block-heading\" style=\"text-align:center\">Cerddoriaeth Fyw<\/h4>\n\n\n\n<div class=\"wp-block-media-text alignwide has-media-on-the-right\"><figure class=\"wp-block-media-text__media\"><img loading=\"lazy\" decoding=\"async\" width=\"1024\" height=\"681\" src=\"http:\/\/www.swanseacitycentre.com\/wp-content\/uploads\/2019\/07\/110419Swansea-City-Centre-shoot_120-1024x681.jpg\" alt=\"The Vault - signage\" class=\"wp-image-5547\" srcset=\"https:\/\/www.swanseacitycentre.com\/wp-content\/uploads\/2019\/07\/110419Swansea-City-Centre-shoot_120-1024x681.jpg 1024w, https:\/\/www.swanseacitycentre.com\/wp-content\/uploads\/2019\/07\/110419Swansea-City-Centre-shoot_120-300x200.jpg 300w, https:\/\/www.swanseacitycentre.com\/wp-content\/uploads\/2019\/07\/110419Swansea-City-Centre-shoot_120-768x511.jpg 768w\" sizes=\"(max-width: 1024px) 100vw, 1024px\" \/><\/figure><div class=\"wp-block-media-text__content\">\n<p>Mae Abertawe yn gartref i gerddoriaeth fywiog gyda lleoliadau fel Sin City a Hangar 18\u00a0 sy&#8217;n cynnal sioeau bob penwythnos o gerddoriaeth Gwerin, Roc, Amgen a mwy. Mae The Hyst ar y Stryd Fawr yn gyrchfan hynod boblogaidd i artistiaid lleol gyda&#8217;i stiwdio deledu a radio ei hun a mannau perfformio pwrpasol. Yn No Sign Wine Bar, bar hanesyddol, \u00a0gellir gweld digonedd o berfformiadau yn eu seler win The Vault o&#8217;r 1400au sydd wedi&#8217;i hadnewyddu.<\/p>\n<\/div><\/div>\n\n\n\n<p>Mae Abertawe hefyd yn gartref i berfformiadau stryd amrywiol trwy&#8217;r cynllun hynod lwyddiannus From Busk Till Dawn.<\/p>\n\n\n\n<h4 class=\"wp-block-heading\" style=\"text-align:center\">Rhywbeth gwahanol?<\/h4>\n\n\n\n<div class=\"wp-block-image\"><figure class=\"aligncenter\"><img loading=\"lazy\" decoding=\"async\" width=\"1024\" height=\"684\" src=\"http:\/\/www.swanseacitycentre.com\/wp-content\/uploads\/2019\/07\/110419Swansea-City-Centre-shoot_014-1024x684.jpg\" alt=\"Elysium Bar - opening hours\" class=\"wp-image-5549\" srcset=\"https:\/\/www.swanseacitycentre.com\/wp-content\/uploads\/2019\/07\/110419Swansea-City-Centre-shoot_014-1024x684.jpg 1024w, https:\/\/www.swanseacitycentre.com\/wp-content\/uploads\/2019\/07\/110419Swansea-City-Centre-shoot_014-300x200.jpg 300w, https:\/\/www.swanseacitycentre.com\/wp-content\/uploads\/2019\/07\/110419Swansea-City-Centre-shoot_014-768x513.jpg 768w\" sizes=\"(max-width: 1024px) 100vw, 1024px\" \/><\/figure><\/div>\n\n\n\n<p>Os ydych chi am gael profiad mwy unigryw, mae arbenigwr cwrw crefft, <a href=\"https:\/\/www.facebook.com\/CopperBarSwansea\/\">Copper, <\/a>ar Stryd y Castell. <a href=\"http:\/\/www.thebucketlist-bar.co.uk\/\">Mae The Bucket List <\/a>ar Stryd y Gwynt hefyd yn cynnig cwrw crefft unigryw ac ardal ar gyfer aelodau&#8217;n unig sydd \u00e2 byrddau p\u0175l, ping pong, pinbel a gemau arc\u00ead retro. <\/p>\n\n\n\n<p>Fel arall, mae <a href=\"https:\/\/www.coyoteuglysaloonuk.com\/swansea\">Coyote Ugly Saloon <\/a>gyferbyn, gyda&#8217;i darw rodeo a&#8217;i weinyddesau enwog sy&#8217;n dawnsio! <\/p>\n\n\n\n<h4 class=\"wp-block-heading\" style=\"text-align:center\">Y Faner Borffor<\/h4>\n\n\n\n<div class=\"wp-block-media-text alignwide\"><figure class=\"wp-block-media-text__media\"><img loading=\"lazy\" decoding=\"async\" width=\"1024\" height=\"683\" src=\"http:\/\/www.swanseacitycentre.com\/wp-content\/uploads\/2019\/07\/Swansea-City-Centre-evening-shoot120719_104-1024x683.jpg\" alt=\"Entrance to Wind St by night\" class=\"wp-image-5503\" srcset=\"https:\/\/www.swanseacitycentre.com\/wp-content\/uploads\/2019\/07\/Swansea-City-Centre-evening-shoot120719_104-1024x683.jpg 1024w, https:\/\/www.swanseacitycentre.com\/wp-content\/uploads\/2019\/07\/Swansea-City-Centre-evening-shoot120719_104-300x200.jpg 300w, https:\/\/www.swanseacitycentre.com\/wp-content\/uploads\/2019\/07\/Swansea-City-Centre-evening-shoot120719_104-768x512.jpg 768w\" sizes=\"(max-width: 1024px) 100vw, 1024px\" \/><\/figure><div class=\"wp-block-media-text__content\">\n<p><a href=\"https:\/\/www.atcm.org\/purple-flag\">Mae&#8217;r Faner Borffor <\/a>, sef gwobr genedlaethol sy&#8217;n cydnabod\neconomi nos fywiog a diogel dinas, bellach yn chwifio&#8217;n falch yng nghanol y\nddinas. Dyma&#8217;r safon aur newydd ar gyfer adloniant a lletygarwch ac mae&#8217;n gyfwerth\n\u00e2&#8217;r Faner Las enwog ar gyfer traethau. Abertawe yw\u2019r ddinas gyntaf yng Nghymru\ni ennill y wobr fawreddog, a gwnaeth hynny ym mis Chwefror 2015. Mae wedi\ncynnal y statws hwn ers hynny.<\/p>\n<\/div><\/div>\n\n\n\n<p>\n\nMae Abertawe wedi sicrhau cynnydd cyson yn nifer y bobl sy&#8217;n mwynhau&#8217;r amrywiaeth o dafarndai, bwytai, sinem\u00e2u a lleoliadau adloniant gyda&#8217;r hwyr a gostyngiad cyson yn nifer y troseddau ar yr un pryd.\n\n<\/p>\n","protected":false},"excerpt":{"rendered":"<p>Unwaith y bydd yr haul ar fachlud, bydd y ddinas yn dod yn fyw, gydag amrywiaeth o fariau, clybiau nos, lleoliadau cerddoriaeth fyw a mwy! Bariau Gellir cael diodydd blasus yn Elixir! Mae Flickering Light yn rhyfeddod hyfryd, os gallwch ddod o hyd i&#8217;r fynedfa gyfrinachol! Gellir yfed jin bendigedig yn Juniper Place, neu os &hellip;<\/p>\n","protected":false},"author":1,"featured_media":0,"parent":2329,"menu_order":0,"comment_status":"closed","ping_status":"closed","template":"","meta":{"_genesis_hide_title":false,"_genesis_hide_breadcrumbs":false,"_genesis_hide_singular_image":false,"_genesis_hide_footer_widgets":false,"_genesis_custom_body_class":"","_genesis_custom_post_class":"","_genesis_layout":"","footnotes":""},"_links":{"self":[{"href":"https:\/\/www.swanseacitycentre.com\/cy\/wp-json\/wp\/v2\/pages\/2248"}],"collection":[{"href":"https:\/\/www.swanseacitycentre.com\/cy\/wp-json\/wp\/v2\/pages"}],"about":[{"href":"https:\/\/www.swanseacitycentre.com\/cy\/wp-json\/wp\/v2\/types\/page"}],"author":[{"embeddable":true,"href":"https:\/\/www.swanseacitycentre.com\/cy\/wp-json\/wp\/v2\/users\/1"}],"replies":[{"embeddable":true,"href":"https:\/\/www.swanseacitycentre.com\/cy\/wp-json\/wp\/v2\/comments?post=2248"}],"version-history":[{"count":10,"href":"https:\/\/www.swanseacitycentre.com\/cy\/wp-json\/wp\/v2\/pages\/2248\/revisions"}],"predecessor-version":[{"id":5932,"href":"https:\/\/www.swanseacitycentre.com\/cy\/wp-json\/wp\/v2\/pages\/2248\/revisions\/5932"}],"up":[{"embeddable":true,"href":"https:\/\/www.swanseacitycentre.com\/cy\/wp-json\/wp\/v2\/pages\/2329"}],"wp:attachment":[{"href":"https:\/\/www.swanseacitycentre.com\/cy\/wp-json\/wp\/v2\/media?parent=2248"}],"curies":[{"name":"wp","href":"https:\/\/api.w.org\/{rel}","templated":true}]}}