{"id":5405,"date":"2019-04-23T13:06:57","date_gmt":"2019-04-23T13:06:57","guid":{"rendered":"http:\/\/www.swanseacitycentre.com\/?page_id=5405"},"modified":"2025-11-10T16:57:57","modified_gmt":"2025-11-10T16:57:57","slug":"marchnadnadoligabertawe","status":"publish","type":"page","link":"http:\/\/www.swanseacitycentre.com\/cy\/digwyddiadau\/marchnadnadoligabertawe\/","title":{"rendered":"Marchnad Nadolig Abertawe"},"content":{"rendered":"<div class=\"wp-block-image\">\n<figure class=\"aligncenter size-large\"><a href=\"http:\/\/www.swanseacitycentre.com\/wp-content\/uploads\/2023\/10\/335592031_780962076338699_4159951842170574081_n.jpg\"><img loading=\"lazy\" decoding=\"async\" width=\"1024\" height=\"577\" src=\"http:\/\/www.swanseacitycentre.com\/wp-content\/uploads\/2023\/10\/335592031_780962076338699_4159951842170574081_n-1024x577.jpg\" alt=\"\" class=\"wp-image-7011\" srcset=\"http:\/\/www.swanseacitycentre.com\/wp-content\/uploads\/2023\/10\/335592031_780962076338699_4159951842170574081_n-1024x577.jpg 1024w, http:\/\/www.swanseacitycentre.com\/wp-content\/uploads\/2023\/10\/335592031_780962076338699_4159951842170574081_n-300x169.jpg 300w, http:\/\/www.swanseacitycentre.com\/wp-content\/uploads\/2023\/10\/335592031_780962076338699_4159951842170574081_n-768x433.jpg 768w\" sizes=\"(max-width: 1024px) 100vw, 1024px\" \/><\/a><\/figure><\/div>\n\n\n<p class=\"has-text-align-center\"><strong>29 Tachwedd \u2013 22 Rhagfyr 2025, Stryd Rhydychen<\/strong><\/p>\n\n\n\n<p>Mae Marchnad Nadolig Abertawe&#8217;n dychwelyd! Bydd y cabanau pren cain ar y strydoedd unwaith eto, gan ddod \u00e2 wynebau cyfarwydd ynghyd a chyflwyno masnachwyr newydd cyffrous i ganol y ddinas. Dewch i siopa am roddion unigryw a danteithion Nadoligaidd, cynhesu yn y Bar Alpaidd clyd, a mwynhau adloniant byw yng Nghaban y Carolwyr, y mae Costa Coffee yn falch o&#8217;i noddi.<\/p>\n\n\n\n<p>Newydd ar gyfer 2025 \u2013 Y Babell Lawen, sy&#8217;n llawn stondinau bwyd, diodydd a chrefftau o safon i&#8217;w harchwilio o ddydd Gwener 5 i ddydd Sul 7 Rhagfyr ac eto o ddydd Gwener 12 i ddydd Sul 14 Rhagfyr.<\/p>\n\n\n\n<p>Bydd Marchnad y Nadolig hefyd yn barod am ddau ddigwyddiad Nadoligaidd nodedig, <strong><a href=\"https:\/\/www.croesobaeabertawe.com\/event\/swansea-fire-%26-ice-festival\/59044102\/\" target=\"_blank\" rel=\"noreferrer noopener\">G\u0175yl T\u00e2n ac I\u00e2 Abertawe<\/a><\/strong> ac <a href=\"https:\/\/www.croesobaeabertawe.com\/event\/uchelwydd-a-marchnadoedd\/49780102\/\" target=\"_blank\" rel=\"noreferrer noopener\"><strong>Uchelwydd a Marchnadoedd<\/strong>.<\/a><\/p>\n\n\n\n<p>Dewch draw i archwilio&#8217;r stondinau a mwynhau hwyl yr \u0175yl!<\/p>\n\n\n\n<p>Dydd Llun &#8211; Dydd Sadwrn 9:30am-5pm<\/p>\n\n\n\n<p>Dydd Sul 10:30am \u2013 4:30pm<\/p>\n","protected":false},"excerpt":{"rendered":"<p>29 Tachwedd \u2013 22 Rhagfyr 2025, Stryd Rhydychen Mae Marchnad Nadolig Abertawe&#8217;n dychwelyd! Bydd y cabanau pren cain ar y strydoedd unwaith eto, gan ddod \u00e2 wynebau cyfarwydd ynghyd a chyflwyno masnachwyr newydd cyffrous i ganol y ddinas. Dewch i siopa am roddion unigryw a danteithion Nadoligaidd, cynhesu yn y Bar Alpaidd clyd, a mwynhau &hellip;<\/p>\n","protected":false},"author":1,"featured_media":0,"parent":5339,"menu_order":0,"comment_status":"closed","ping_status":"closed","template":"","meta":{"_genesis_hide_title":false,"_genesis_hide_breadcrumbs":false,"_genesis_hide_singular_image":false,"_genesis_hide_footer_widgets":false,"_genesis_custom_body_class":"","_genesis_custom_post_class":"","_genesis_layout":"","footnotes":""},"_links":{"self":[{"href":"http:\/\/www.swanseacitycentre.com\/cy\/wp-json\/wp\/v2\/pages\/5405"}],"collection":[{"href":"http:\/\/www.swanseacitycentre.com\/cy\/wp-json\/wp\/v2\/pages"}],"about":[{"href":"http:\/\/www.swanseacitycentre.com\/cy\/wp-json\/wp\/v2\/types\/page"}],"author":[{"embeddable":true,"href":"http:\/\/www.swanseacitycentre.com\/cy\/wp-json\/wp\/v2\/users\/1"}],"replies":[{"embeddable":true,"href":"http:\/\/www.swanseacitycentre.com\/cy\/wp-json\/wp\/v2\/comments?post=5405"}],"version-history":[{"count":24,"href":"http:\/\/www.swanseacitycentre.com\/cy\/wp-json\/wp\/v2\/pages\/5405\/revisions"}],"predecessor-version":[{"id":7404,"href":"http:\/\/www.swanseacitycentre.com\/cy\/wp-json\/wp\/v2\/pages\/5405\/revisions\/7404"}],"up":[{"embeddable":true,"href":"http:\/\/www.swanseacitycentre.com\/cy\/wp-json\/wp\/v2\/pages\/5339"}],"wp:attachment":[{"href":"http:\/\/www.swanseacitycentre.com\/cy\/wp-json\/wp\/v2\/media?parent=5405"}],"curies":[{"name":"wp","href":"https:\/\/api.w.org\/{rel}","templated":true}]}}